{"id":905,"date":"2025-07-28T14:19:32","date_gmt":"2025-07-28T12:19:32","guid":{"rendered":"https:\/\/plasmajet.be\/services\/projection-thermique\/pulverisateurs-a-arc\/"},"modified":"2026-01-16T12:59:37","modified_gmt":"2026-01-16T11:59:37","slug":"pulverisateurs-a-arc","status":"publish","type":"page","link":"https:\/\/plasmajet.be\/fr\/services\/projection-thermique\/pulverisateurs-a-arc\/","title":{"rendered":"Pulv\u00e9risateurs \u00e0 arc"},"content":{"rendered":"<div class=\"et_pb_section_0 et_pb_section et_pb_fullwidth_section et_section_regular et_block_section section_has_divider et_pb_bottom_divider\">\n<section class=\"et_pb_fullwidth_header_0 et_pb_fullwidth_header et_pb_bg_layout_dark et_pb_module et_flex_module\"><div class=\"et_pb_fullwidth_header_container left\"><div class=\"header-content-container center\"><div class=\"header-content et_flex_module\"><h1 class=\"et_pb_module_header\">Pulv\u00e9risateurs \u00e0 arc<\/h1><div class=\"et_pb_header_content_wrapper\"><p>La projection par arc \u00e9lectrique est un proc\u00e9d\u00e9 de projection thermique dans lequel deux fils m\u00e9talliques sont soud\u00e9s \u00e9lectriquement et pulv\u00e9ris\u00e9s sur un substrat.<br \/>Il s&rsquo;agit d&rsquo;une m\u00e9thode rapide et rentable pour recouvrir de grandes surfaces de rev\u00eatements m\u00e9talliques protecteurs, tels que le zinc, l&rsquo;aluminium ou l&rsquo;acier.<br \/>Cette technique est id\u00e9ale pour la protection contre la corrosion et la r\u00e9paration de surfaces de structures ou de pi\u00e8ces de machines \u00e0 grande \u00e9chelle.<\/p>\n<\/div><div class=\"et_pb_header_button_wrapper\"><a class=\"et_pb_button et_pb_more_button et_pb_button_one\" href=\"#hoe-werkt-het\">Comment \u00e7a marche ?<\/a><\/div><\/div><\/div><\/div><div class=\"et_pb_fullwidth_header_overlay\"><\/div><div class=\"et_pb_fullwidth_header_scroll\"><\/div><\/section>\n<div class=\"et_pb_bottom_inside_divider et-no-transition\"><\/div><\/div>\n\n<div class=\"et_pb_section_1 et_pb_section et_section_regular et_block_section\">\n<div class=\"et_pb_row_0 et_pb_row et_block_row\" id=\"hoe-werkt-het\">\n<div class=\"et_pb_column_0 et_pb_column et_pb_column_1_2 et_block_column et_pb_css_mix_blend_mode_passthrough\">\n<div class=\"et_pb_text_0 et_pb_text et_pb_bg_layout_light et_pb_module et_block_module\"><div class=\"et_pb_text_inner\"><h2>Comment fonctionne le processus ?<\/h2>\n<ul>\n<li>Deux fils m\u00e9talliques (positif et n\u00e9gatif) sont rapproch\u00e9s l&rsquo;un de l&rsquo;autre.<\/li>\n<li> Lorsqu&rsquo;ils se touchent, un <strong>arc \u00e9lectrique <\/strong>se forme et fait fondre le m\u00e9tal.<\/li>\n<li>L&rsquo;air comprim\u00e9 pulv\u00e9rise le m\u00e9tal fondu et le projette \u00e0 la surface de la pi\u00e8ce.<\/li>\n<\/div><\/div>\n<\/div>\n\n<div class=\"et_pb_column_1 et_pb_column et_pb_column_1_2 et-last-child et_block_column et_pb_css_mix_blend_mode_passthrough\">\n<div class=\"et_pb_image_0 et_pb_image et_pb_module et_block_module\"><span class=\"et_pb_image_wrap\"><img loading=\"lazy\" decoding=\"async\" src=\"https:\/\/plasmajet.be\/wp-content\/uploads\/2025\/09\/arc1.jpg\" width=\"370\" height=\"275\" srcset=\"https:\/\/plasmajet.be\/wp-content\/uploads\/2025\/09\/arc1.jpg 370w, https:\/\/plasmajet.be\/wp-content\/uploads\/2025\/09\/arc1-300x223.jpg 300w\" sizes=\"(max-width: 370px) 100vw, 370px\" class=\"wp-image-472\" title=\"arc1\" \/><\/span><\/div>\n<\/div>\n<\/div>\n\n<div class=\"et_pb_row_1 et_pb_row et_block_row\">\n<div class=\"et_pb_column_2 et_pb_column et_pb_column_4_4 et-last-child et_block_column et_pb_css_mix_blend_mode_passthrough\">\n<div class=\"et_pb_heading_0 et_pb_heading et_pb_module et_block_module\"><div class=\"et_pb_heading_container\"><h2 class=\"et_pb_module_header\">Avantages<\/h2><\/div><\/div>\n<\/div>\n<\/div>\n\n<div class=\"et_pb_row_2 et_pb_row et_pb_row_4col et_block_row\">\n<div class=\"et_pb_column_3 et_pb_column et_pb_column_1_4 et_block_column et_pb_css_mix_blend_mode_passthrough\">\n<div class=\"et_pb_blurb_0 et_pb_blurb et_pb_bg_layout_light et_pb_blurb_position_left et_pb_module et_block_module\"><div class=\"et_pb_blurb_content\"><div class=\"et_pb_main_blurb_image\"><span class=\"et_pb_image_wrap\"><span class=\"et-pb-icon et-waypoint et_pb_animation_off et_pb_animation_off_tablet et_pb_animation_off_phone\">Z<\/span><\/span><\/div><div class=\"et_pb_blurb_container\"><h4 class=\"et_pb_module_header\">Rapide et \u00e9conomique<\/h4><\/div><\/div><\/div>\n<\/div>\n\n<div class=\"et_pb_column_4 et_pb_column et_pb_column_1_4 et_block_column et_pb_css_mix_blend_mode_passthrough\">\n<div class=\"et_pb_blurb_1 et_pb_blurb et_pb_bg_layout_light et_pb_blurb_position_left et_pb_module et_block_module\"><div class=\"et_pb_blurb_content\"><div class=\"et_pb_main_blurb_image\"><span class=\"et_pb_image_wrap\"><span class=\"et-pb-icon et-waypoint et_pb_animation_off et_pb_animation_off_tablet et_pb_animation_off_phone\">Z<\/span><\/span><\/div><div class=\"et_pb_blurb_container\"><h4 class=\"et_pb_module_header\">Pas d&rsquo;apport de chaleur dans la pi\u00e8ce \u00e0 usiner (technique \u00e0 froid)<\/h4><\/div><\/div><\/div>\n<\/div>\n\n<div class=\"et_pb_column_5 et_pb_column et_pb_column_1_4 et_block_column et_pb_css_mix_blend_mode_passthrough\">\n<div class=\"et_pb_blurb_2 et_pb_blurb et_pb_bg_layout_light et_pb_blurb_position_left et_pb_module et_block_module\"><div class=\"et_pb_blurb_content\"><div class=\"et_pb_main_blurb_image\"><span class=\"et_pb_image_wrap\"><span class=\"et-pb-icon et-waypoint et_pb_animation_off et_pb_animation_off_tablet et_pb_animation_off_phone\">Z<\/span><\/span><\/div><div class=\"et_pb_blurb_container\"><h4 class=\"et_pb_module_header\">Bonne adh\u00e9rence et bonne couverture<\/h4><\/div><\/div><\/div>\n<\/div>\n\n<div class=\"et_pb_column_6 et_pb_column et_pb_column_1_4 et-last-child et_block_column et_pb_column_empty et_pb_css_mix_blend_mode_passthrough\"><\/div>\n<\/div>\n\n<div class=\"et_pb_row_3 et_pb_row et_block_row\">\n<div class=\"et_pb_column_7 et_pb_column et_pb_column_1_2 et_block_column et_pb_css_mix_blend_mode_passthrough\">\n<div class=\"et_pb_gallery_0 et_pb_gallery et_pb_bg_layout_light et_pb_slider et_pb_gallery_fullwidth clearfix et_slider_auto et_slider_speed_4500 et_pb_module\" data-auto-rotate=\"off\" data-auto-rotate-speed=\"\"><div class=\"et_pb_gallery_items et_post_gallery clearfix\" data-per_page=\"4\"><div class=\"et_pb_gallery_item et_pb_gallery_item_0_0\"><div class=\"et_pb_gallery_image landscape\" data-per_page=\"4\"><a href=\"https:\/\/plasmajet.be\/wp-content\/uploads\/2025\/09\/arcspray3.jpg\" title=\"arcspray3\"><img loading=\"lazy\" decoding=\"async\" width=\"370\" height=\"275\" src=\"https:\/\/plasmajet.be\/wp-content\/uploads\/2025\/09\/arcspray3.jpg\" alt=\"\" class=\"wp-image-473\" srcset=\"https:\/\/plasmajet.be\/wp-content\/uploads\/2025\/09\/arcspray3.jpg 370w, https:\/\/plasmajet.be\/wp-content\/uploads\/2025\/09\/arcspray3-300x223.jpg 300w\" sizes=\"(max-width: 370px) 100vw, 370px\" \/><span class=\"et_overlay\" data-icon=\"\" data-icon-tablet=\"\" data-icon-phone=\"\"><\/span><\/a><\/div><\/div><\/div><\/div>\n<\/div>\n\n<div class=\"et_pb_column_8 et_pb_column et_pb_column_1_2 et-last-child et_block_column et_pb_css_mix_blend_mode_passthrough\">\n<div class=\"et_pb_text_1 et_pb_text et_pb_bg_layout_light et_pb_module et_block_module\"><div class=\"et_pb_text_inner\"><h2>Capacit\u00e9s chez Plasmajet<\/h2>\n<ul>\n<li>Applicable \u00e0 des pi\u00e8ces d&rsquo;une longueur maximale de 10 m\u00e8tres et d&rsquo;un diam\u00e8tre maximal de 2 500 mm.<\/li>\n<li>Ook geschikt voor complexe vormen of moeilijk bereikbare zones\n<\/li>\n<\/ul>\n<\/div><\/div>\n\n<div class=\"et_pb_text_2 et_pb_text et_pb_bg_layout_light et_pb_module et_block_module\"><div class=\"et_pb_text_inner\"><h2>Applications typiques<\/h2>\n<ul>\n<li>Grandes structures en acier (ponts, cl\u00f4tures, pipelines)<\/li>\n<li>Composants d&rsquo;\u00e9oliennes<\/li>\n<li>Ch\u00e2ssis de machines et structures porteuses<\/li>\n<li>Pi\u00e8ces de pompe ou surfaces d&rsquo;appui<\/li>\n<li>R\u00e9parations de surface combin\u00e9es \u00e0 une finition<\/li>\n<\/ul>\n<\/div><\/div>\n<\/div>\n<\/div>\n\n<div class=\"et_pb_row_4 et_pb_row et_block_row\">\n<div class=\"et_pb_column_9 et_pb_column et_pb_column_4_4 et-last-child et_block_column et_pb_css_mix_blend_mode_passthrough\">\n<div class=\"et_pb_cta_0 et_pb_promo et_pb_bg_layout_dark et_pb_module et_block_module\"><div class=\"et_pb_promo_description\"><h2 class=\"et_pb_module_header\">Vous recherchez un rev\u00eatement m\u00e9tallique rapide ?<\/h2><div class=\"et_pb_promo_content\"><p>Avec les pulv\u00e9risateurs \u00e0 arc, nous offrons une solution efficace pour la protection anticorrosion \u00e0 grande \u00e9chelle et les r\u00e9parations techniques.<\/p>\n<\/div><\/div><div class=\"et_pb_button_wrapper\"><a class=\"et_pb_button et_pb_promo_button\" href=\"https:\/\/plasmajet.be\/fr\/contact-2\/\">Contactez-nous<\/a><\/div><\/div>\n<\/div>\n<\/div>\n<\/div>","protected":false},"excerpt":{"rendered":"","protected":false},"author":1,"featured_media":0,"parent":899,"menu_order":3,"comment_status":"closed","ping_status":"closed","template":"","meta":{"_acf_changed":false,"footnotes":""},"class_list":["post-905","page","type-page","status-publish","hentry"],"acf":[],"_links":{"self":[{"href":"https:\/\/plasmajet.be\/fr\/wp-json\/wp\/v2\/pages\/905","targetHints":{"allow":["GET"]}}],"collection":[{"href":"https:\/\/plasmajet.be\/fr\/wp-json\/wp\/v2\/pages"}],"about":[{"href":"https:\/\/plasmajet.be\/fr\/wp-json\/wp\/v2\/types\/page"}],"author":[{"embeddable":true,"href":"https:\/\/plasmajet.be\/fr\/wp-json\/wp\/v2\/users\/1"}],"replies":[{"embeddable":true,"href":"https:\/\/plasmajet.be\/fr\/wp-json\/wp\/v2\/comments?post=905"}],"version-history":[{"count":4,"href":"https:\/\/plasmajet.be\/fr\/wp-json\/wp\/v2\/pages\/905\/revisions"}],"predecessor-version":[{"id":1049,"href":"https:\/\/plasmajet.be\/fr\/wp-json\/wp\/v2\/pages\/905\/revisions\/1049"}],"up":[{"embeddable":true,"href":"https:\/\/plasmajet.be\/fr\/wp-json\/wp\/v2\/pages\/899"}],"wp:attachment":[{"href":"https:\/\/plasmajet.be\/fr\/wp-json\/wp\/v2\/media?parent=905"}],"curies":[{"name":"wp","href":"https:\/\/api.w.org\/{rel}","templated":true}]}}