{"id":909,"date":"2025-06-20T10:35:15","date_gmt":"2025-06-20T08:35:15","guid":{"rendered":"https:\/\/plasmajet.be\/services\/revetement-dur-et-placage\/"},"modified":"2026-01-16T13:01:47","modified_gmt":"2026-01-16T12:01:47","slug":"revetement-dur-et-placage","status":"publish","type":"page","link":"https:\/\/plasmajet.be\/fr\/services\/revetement-dur-et-placage\/","title":{"rendered":"Rev\u00eatement dur et placage"},"content":{"rendered":"<div class=\"et_pb_section_0 et_pb_section et_pb_fullwidth_section et_section_regular et_block_section\">\n<section class=\"et_pb_fullwidth_header_0 et_pb_fullwidth_header et_pb_bg_layout_dark et_pb_module et_flex_module\"><div class=\"et_pb_fullwidth_header_container left\"><div class=\"header-content-container center\"><div class=\"header-content et_flex_module\"><h1 class=\"et_pb_module_header\">Rev\u00eatement dur et placage<\/h1><div class=\"et_pb_header_content_wrapper\"><p data-start=\"331\" data-end=\"494\">Le rev\u00eatement dur est un terme g\u00e9n\u00e9rique d\u00e9signant les techniques consistant \u00e0 appliquer une couche r\u00e9sistante \u00e0 l&rsquo;usure ou \u00e0 la corrosion sur une pi\u00e8ce par soudage ou fusion.<\/p>\n<p data-start=\"501\" data-end=\"724\">Plasmajet est sp\u00e9cialis\u00e9 dans un large \u00e9ventail de techniques de rechargement dur, adapt\u00e9es \u00e0 des profils d&rsquo;usure et des types de contraintes sp\u00e9cifiques. Du simple rechargement aux combinaisons avanc\u00e9es avec incrustation de carbure ou de diamant synth\u00e9tique. <\/p>\n<\/div><div class=\"et_pb_header_button_wrapper\"><a class=\"et_pb_button et_pb_more_button et_pb_button_one\" href=\"#hoe-werkt-het\">Comment \u00e7a marche ?<\/a><\/div><\/div><\/div><\/div><div class=\"et_pb_fullwidth_header_overlay\"><\/div><div class=\"et_pb_fullwidth_header_scroll\"><\/div><\/section>\n<\/div>\n\n<div class=\"et_pb_section_1 et_pb_section et_section_regular et_block_section\">\n<div class=\"et_pb_row_0 et_pb_row et_block_row\" id=\"hoe-werkt-het\">\n<div class=\"et_pb_column_0 et_pb_column et_pb_column_1_2 et_block_column et_pb_css_mix_blend_mode_passthrough\">\n<div class=\"et_pb_text_0 et_pb_text et_pb_bg_layout_light et_pb_module et_block_module\"><div class=\"et_pb_text_inner\"><h2>Comment fonctionne le Hard Facing ?<\/h2>\n<p>Le hardfacing consiste \u00e0 appliquer une couche de rev\u00eatement \u00e0 base de poudres m\u00e9talliques, de fils ou de segments sur un mat\u00e9riau de base \u00e0 l&rsquo;aide de chaleur (soudage ou fusion). Cette couche est g\u00e9n\u00e9ralement plus dure et plus r\u00e9sistante \u00e0 l&rsquo;usure et \u00e0 la corrosion que la surface d&rsquo;origine. <\/p>\n<ul>\n<li>Le substrat peut \u00eatre sabl\u00e9 au pr\u00e9alable pour favoriser l&rsquo;adh\u00e9rence.<\/li>\n<li>Le rev\u00eatement est form\u00e9 par fusion ou brasage fort.<\/li>\n<li>Apr\u00e8s refroidissement, un traitement ult\u00e9rieur peut \u00eatre effectu\u00e9 (meulage, fraisage).<\/li>\n<\/ul>\n<p>Pour les applications plus complexes, des <strong>particules de carbure sont incorpor\u00e9es<\/strong> dans le rev\u00eatement, voire <strong>des segments Widia<\/strong> et des diamants synth\u00e9tiques sont fix\u00e9s \u00e0 la surface <strong>par brasage \u00e0 l&rsquo;argent,<\/strong> avec une protection suppl\u00e9mentaire des zones environnantes contre l&rsquo;\u00e9rosion.<\/p>\n<\/div><\/div>\n<\/div>\n\n<div class=\"et_pb_column_1 et_pb_column et_pb_column_1_2 et-last-child et_block_column et_pb_css_mix_blend_mode_passthrough\">\n<div class=\"et_pb_image_0 et_pb_image et_pb_module et_block_module\"><span class=\"et_pb_image_wrap\"><img loading=\"lazy\" decoding=\"async\" src=\"https:\/\/plasmajet.be\/wp-content\/uploads\/2025\/06\/WP_20151208_13_17_33_Pro.135d2b92.jpg\" width=\"577\" height=\"325\" srcset=\"https:\/\/plasmajet.be\/wp-content\/uploads\/2025\/06\/WP_20151208_13_17_33_Pro.135d2b92.jpg 577w, https:\/\/plasmajet.be\/wp-content\/uploads\/2025\/06\/WP_20151208_13_17_33_Pro.135d2b92-480x270.jpg 480w\" sizes=\"(min-width: 0px) and (max-width: 480px) 480px, (min-width: 481px) 577px, 100vw\" class=\"wp-image-58\" \/><\/span><\/div>\n<\/div>\n<\/div>\n\n<div class=\"et_pb_row_1 et_pb_row et_block_row\">\n<div class=\"et_pb_column_2 et_pb_column et_pb_column_1_3 et_block_column et_pb_css_mix_blend_mode_passthrough\">\n<div class=\"et_pb_blurb_0 et_pb_blurb et_pb_bg_layout_light et_pb_blurb_position_top et_pb_module et_block_module\"><div class=\"et_pb_blurb_content\"><div class=\"et_pb_main_blurb_image\"><span class=\"et_pb_image_wrap et_pb_only_image_mode_wrap\"><img loading=\"lazy\" decoding=\"async\" src=\"https:\/\/plasmajet.be\/wp-content\/uploads\/2025\/09\/sprayfuse1.jpg\" width=\"650\" height=\"420\" srcset=\"https:\/\/plasmajet.be\/wp-content\/uploads\/2025\/09\/sprayfuse1.jpg 650w, https:\/\/plasmajet.be\/wp-content\/uploads\/2025\/09\/sprayfuse1-480x310.jpg 480w\" sizes=\"(min-width: 0px) and (max-width: 480px) 480px, (min-width: 481px) 650px, 100vw\" class=\"et-waypoint et_pb_animation_off et_pb_animation_off_tablet et_pb_animation_off_phone wp-image-570\" \/><\/span><\/div><div class=\"et_pb_blurb_container\"><h4 class=\"et_pb_module_header\">Spray &#038; Fuse<\/h4><div class=\"et_pb_blurb_description\"><p>Pulv\u00e9risation du rev\u00eatement, puis fusion thermique pour obtenir une couche r\u00e9sistante \u00e0 l&rsquo;usure.<\/p>\n<\/div><\/div><\/div><\/div>\n\n<div class=\"et_pb_module et_pb_button_module_wrapper et_pb_button_0_wrapper\"><a class=\"et_pb_button_0 et_pb_button et_pb_bg_layout_light et_pb_module et_block_module\" href=\"https:\/\/plasmajet.be\/fr\/services\/revetement-dur-et-placage\/spray-fuse\/\">Plus d&#039;infos<\/a><\/div>\n<\/div>\n\n<div class=\"et_pb_column_3 et_pb_column et_pb_column_1_3 et_block_column et_pb_css_mix_blend_mode_passthrough\">\n<div class=\"et_pb_blurb_1 et_pb_blurb et_pb_bg_layout_light et_pb_blurb_position_top et_pb_module et_block_module\"><div class=\"et_pb_blurb_content\"><div class=\"et_pb_main_blurb_image\"><span class=\"et_pb_image_wrap et_pb_only_image_mode_wrap\"><img loading=\"lazy\" decoding=\"async\" src=\"https:\/\/plasmajet.be\/wp-content\/uploads\/2025\/09\/pta1-2.jpg\" width=\"370\" height=\"275\" srcset=\"https:\/\/plasmajet.be\/wp-content\/uploads\/2025\/09\/pta1-2.jpg 370w, https:\/\/plasmajet.be\/wp-content\/uploads\/2025\/09\/pta1-2-300x223.jpg 300w\" sizes=\"(max-width: 370px) 100vw, 370px\" class=\"et-waypoint et_pb_animation_off et_pb_animation_off_tablet et_pb_animation_off_phone wp-image-482\" \/><\/span><\/div><div class=\"et_pb_blurb_container\"><h4 class=\"et_pb_module_header\">PTA (arc transf\u00e9r\u00e9 par plasma)<\/h4><div class=\"et_pb_blurb_description\"><p>Soudage de pr\u00e9cision \u00e0 haute temp\u00e9rature de fusion, adh\u00e9rence id\u00e9ale.<\/p>\n<\/div><\/div><\/div><\/div>\n\n<div class=\"et_pb_module et_pb_button_module_wrapper et_pb_button_1_wrapper\"><a class=\"et_pb_button_1 et_pb_button et_pb_bg_layout_light et_pb_module et_block_module\" href=\"https:\/\/plasmajet.be\/fr\/services\/revetement-dur-et-placage\/arc-plasma-transfere\/\">Plus d&#039;infos<\/a><\/div>\n<\/div>\n\n<div class=\"et_pb_column_4 et_pb_column et_pb_column_1_3 et-last-child et_flex_column et_pb_css_mix_blend_mode_passthrough\">\n<div class=\"et_pb_blurb_2 et_pb_blurb et_pb_bg_layout_light et_pb_blurb_position_top et_pb_module et_block_module\"><div class=\"et_pb_blurb_content\"><div class=\"et_pb_main_blurb_image\"><span class=\"et_pb_image_wrap et_pb_only_image_mode_wrap\"><img loading=\"lazy\" decoding=\"async\" src=\"https:\/\/plasmajet.be\/wp-content\/uploads\/2025\/09\/lasercladding-kraanarm2.jpg\" width=\"650\" height=\"420\" srcset=\"https:\/\/plasmajet.be\/wp-content\/uploads\/2025\/09\/lasercladding-kraanarm2.jpg 650w, https:\/\/plasmajet.be\/wp-content\/uploads\/2025\/09\/lasercladding-kraanarm2-480x310.jpg 480w\" sizes=\"(min-width: 0px) and (max-width: 480px) 480px, (min-width: 481px) 650px, 100vw\" class=\"et-waypoint et_pb_animation_off et_pb_animation_off_tablet et_pb_animation_off_phone wp-image-572\" \/><\/span><\/div><div class=\"et_pb_blurb_container\"><h4 class=\"et_pb_module_header\">LE RECHARGEMENT LASER<\/h4><div class=\"et_pb_blurb_description\"><p>Soudage sans contact avec poudre et laser, apport de chaleur minimal.<\/p>\n<\/div><\/div><\/div><\/div>\n\n<div class=\"et_pb_module et_pb_button_module_wrapper et_pb_button_2_wrapper\"><a class=\"et_pb_button_2 et_pb_button et_pb_bg_layout_light et_pb_module et_block_module\" href=\"https:\/\/plasmajet.be\/fr\/services\/revetement-dur-et-placage\/le-laserclad\/\">Plus d&#039;infos<\/a><\/div>\n<\/div>\n<\/div>\n\n<div class=\"et_pb_row_2 et_pb_row et_block_row\">\n<div class=\"et_pb_column_5 et_pb_column et_pb_column_1_3 et_block_column et_pb_css_mix_blend_mode_passthrough\">\n<div class=\"et_pb_blurb_3 et_pb_blurb et_pb_bg_layout_light et_pb_blurb_position_top et_pb_module et_block_module\"><div class=\"et_pb_blurb_content\"><div class=\"et_pb_main_blurb_image\"><span class=\"et_pb_image_wrap et_pb_only_image_mode_wrap\"><img loading=\"lazy\" decoding=\"async\" src=\"https:\/\/plasmajet.be\/wp-content\/uploads\/2025\/09\/lassen.jpg\" width=\"650\" height=\"420\" srcset=\"https:\/\/plasmajet.be\/wp-content\/uploads\/2025\/09\/lassen.jpg 650w, https:\/\/plasmajet.be\/wp-content\/uploads\/2025\/09\/lassen-480x310.jpg 480w\" sizes=\"(min-width: 0px) and (max-width: 480px) 480px, (min-width: 481px) 650px, 100vw\" class=\"et-waypoint et_pb_animation_off et_pb_animation_off_tablet et_pb_animation_off_phone wp-image-514\" \/><\/span><\/div><div class=\"et_pb_blurb_container\"><h4 class=\"et_pb_module_header\">Soudage conventionnel (MIG\/MAG, TIG, MMA)<\/h4><div class=\"et_pb_blurb_description\"><p>Soudage classique pour la construction ou la r\u00e9paration structurelle.<\/p>\n<\/div><\/div><\/div><\/div>\n\n<div class=\"et_pb_module et_pb_button_module_wrapper et_pb_button_3_wrapper\"><a class=\"et_pb_button_3 et_pb_button et_pb_bg_layout_light et_pb_module et_block_module\" href=\"https:\/\/plasmajet.be\/fr\/services\/revetement-dur-et-placage\/soudage-conventionnel\/\">Plus d&#039;infos<\/a><\/div>\n<\/div>\n\n<div class=\"et_pb_column_6 et_pb_column et_pb_column_1_3 et_block_column et_pb_column_empty et_pb_css_mix_blend_mode_passthrough\"><\/div>\n\n<div class=\"et_pb_column_7 et_pb_column et_pb_column_1_3 et-last-child et_flex_column et_pb_column_empty et_pb_css_mix_blend_mode_passthrough\"><\/div>\n<\/div>\n\n<div class=\"et_pb_row_3 et_pb_row et_block_row\">\n<div class=\"et_pb_column_8 et_pb_column et_pb_column_4_4 et-last-child et_block_column et_pb_css_mix_blend_mode_passthrough\">\n<div class=\"et_pb_text_1 et_pb_text et_pb_bg_layout_light et_pb_module et_block_module\"><div class=\"et_pb_text_inner\"><p><strong>Les rev\u00eatements peuvent \u00eatre adapt\u00e9s en fonction des propri\u00e9t\u00e9s souhait\u00e9es :<\/strong><\/p>\n<ul>\n<li>R\u00e9sistance \u00e0 l&rsquo;usure<\/li>\n<li>Protection contre la corrosion<\/li>\n<li>Isolation thermique<\/li>\n<li>Isolation \u00e9lectrique ou conduction<\/li>\n<\/ul>\n<\/div><\/div>\n<\/div>\n<\/div>\n\n<div class=\"et_pb_row_4 et_pb_row et_block_row\">\n<div class=\"et_pb_column_9 et_pb_column et_pb_column_1_2 et_block_column et_pb_css_mix_blend_mode_passthrough\">\n<div class=\"et_pb_image_1 et_pb_image et_pb_module et_block_module\"><span class=\"et_pb_image_wrap\"><img loading=\"lazy\" decoding=\"async\" src=\"https:\/\/plasmajet.be\/wp-content\/uploads\/2025\/06\/WP_20151208_13_17_33_Pro.135d2b92.jpg\" width=\"577\" height=\"325\" srcset=\"https:\/\/plasmajet.be\/wp-content\/uploads\/2025\/06\/WP_20151208_13_17_33_Pro.135d2b92.jpg 577w, https:\/\/plasmajet.be\/wp-content\/uploads\/2025\/06\/WP_20151208_13_17_33_Pro.135d2b92-480x270.jpg 480w\" sizes=\"(min-width: 0px) and (max-width: 480px) 480px, (min-width: 481px) 577px, 100vw\" class=\"wp-image-58\" \/><\/span><\/div>\n<\/div>\n\n<div class=\"et_pb_column_10 et_pb_column et_pb_column_1_2 et-last-child et_block_column et_pb_css_mix_blend_mode_passthrough\">\n<div class=\"et_pb_text_2 et_pb_text et_pb_bg_layout_light et_pb_module et_block_module\"><div class=\"et_pb_text_inner\"><h2>Capacit\u00e9s<\/h2>\n<p>Plasmajet dispose d&rsquo;un parc de machines unique pour les petites et tr\u00e8s grandes pi\u00e8ces :<\/p>\n<ul>\n<li><strong>Table XYZ <\/strong>: 3 200 x 700 x 700 mm<\/li>\n<li><strong>Robot de soudage \u00e0 9 axes<\/strong> : \u00d8 2 000 mm \u00d7 10 000 mm<\/li>\n<li>Sablage, meulage et usinage possibles dans nos propres locaux<\/li>\n<\/ul>\n<\/div><\/div>\n\n<div class=\"et_pb_text_3 et_pb_text et_pb_bg_layout_light et_pb_module et_block_module\"><div class=\"et_pb_text_inner\"><h2>Applications typiques<\/h2>\n<ul>\n<li>Protection des pistons, des t\u00eates de coupe, des outils de rupture<\/li>\n<li>Renforcement local des zones de glissement ou d&rsquo;impact<\/li>\n<li>Accumulation de carbure sur les pi\u00e8ces soumises \u00e0 une usure extr\u00eame<\/li>\n<li>Fixation pr\u00e9cise des segments Widia ou diamant\u00e9s<\/li>\n<li>Secteurs : offshore, dragage, exploitation mini\u00e8re, p\u00e9trochimie, recyclage<\/li>\n<\/ul>\n<\/div><\/div>\n<\/div>\n<\/div>\n\n<div class=\"et_pb_row_5 et_pb_row et_block_row\">\n<div class=\"et_pb_column_11 et_pb_column et_pb_column_4_4 et-last-child et_block_column et_pb_css_mix_blend_mode_passthrough\">\n<div class=\"et_pb_cta_0 et_pb_promo et_pb_bg_layout_dark et_pb_module et_block_module\"><div class=\"et_pb_promo_description\"><h2 class=\"et_pb_module_header\">Vous souhaitez demander un devis ou obtenir des conseils ?<\/h2><div class=\"et_pb_promo_content\"><p><span>Onze specialisten bekijken samen met jou welke techniek, legering en opbouw geschikt zijn voor jouw slijtageprobleem of productontwikkeling.<\/span><\/p>\n<\/div><\/div><div class=\"et_pb_button_wrapper\"><a class=\"et_pb_button et_pb_promo_button\" href=\"https:\/\/plasmajet.be\/fr\/contact-2\/\">Contactez-nous<\/a><\/div><\/div>\n<\/div>\n<\/div>\n<\/div>","protected":false},"excerpt":{"rendered":"","protected":false},"author":1,"featured_media":0,"parent":814,"menu_order":2,"comment_status":"closed","ping_status":"closed","template":"","meta":{"_acf_changed":false,"footnotes":""},"class_list":["post-909","page","type-page","status-publish","hentry"],"acf":[],"_links":{"self":[{"href":"https:\/\/plasmajet.be\/fr\/wp-json\/wp\/v2\/pages\/909","targetHints":{"allow":["GET"]}}],"collection":[{"href":"https:\/\/plasmajet.be\/fr\/wp-json\/wp\/v2\/pages"}],"about":[{"href":"https:\/\/plasmajet.be\/fr\/wp-json\/wp\/v2\/types\/page"}],"author":[{"embeddable":true,"href":"https:\/\/plasmajet.be\/fr\/wp-json\/wp\/v2\/users\/1"}],"replies":[{"embeddable":true,"href":"https:\/\/plasmajet.be\/fr\/wp-json\/wp\/v2\/comments?post=909"}],"version-history":[{"count":5,"href":"https:\/\/plasmajet.be\/fr\/wp-json\/wp\/v2\/pages\/909\/revisions"}],"predecessor-version":[{"id":1055,"href":"https:\/\/plasmajet.be\/fr\/wp-json\/wp\/v2\/pages\/909\/revisions\/1055"}],"up":[{"embeddable":true,"href":"https:\/\/plasmajet.be\/fr\/wp-json\/wp\/v2\/pages\/814"}],"wp:attachment":[{"href":"https:\/\/plasmajet.be\/fr\/wp-json\/wp\/v2\/media?parent=909"}],"curies":[{"name":"wp","href":"https:\/\/api.w.org\/{rel}","templated":true}]}}